{"id":7674,"date":"2024-05-03T13:19:34","date_gmt":"2024-05-03T13:19:34","guid":{"rendered":"https:\/\/enigmak.lantegia.io\/?post_type=product&#038;p=7674"},"modified":"2024-05-06T12:36:35","modified_gmt":"2024-05-06T10:36:35","slug":"escape-game-sorginak-lantidote","status":"publish","type":"product","link":"https:\/\/enigmak.lantegia.io\/eu\/produit\/escape-game-sorginak-lantidote\/","title":{"rendered":"Sorginak : La recherche de l&#8217;antidote"},"content":{"rendered":"<p>Les anciens racontent qu\u2019\u00e0 l\u2019\u00e9poque des sorci\u00e8res peuplaient nos contr\u00e9es. C\u2019est au fond d\u2019une for\u00eat d\u2019Ascain que r\u00e9cemment l\u2019une d\u2019entre elles aurait \u00e9t\u00e9\u00a0aper\u00e7ue. Partez vite \u00e0 la d\u00e9couverte de ses secrets, mais r\u00e9ussirez-vous \u00e0 d\u00e9jouer ses pi\u00e8ges\u00a0?<\/p>\n","protected":false},"excerpt":{"rendered":"<p><strong>Nombre de participants<\/strong> : 4 \u00e0 8<br \/>\n<strong>Dur\u00e9e : 2h30<br \/>\nProfil<\/strong> : D\u00e8s 15 ans<br \/>\n<strong>Difficult\u00e9<\/strong> : 3\/5<br \/>\n<strong>Equipement n\u00e9cessaire<\/strong> : Chaussures de randonn\u00e9e ou bottes, sac \u00e0 dos, eau<\/p>\n","protected":false},"featured_media":7753,"template":"","meta":[],"product_brand":[],"product_cat":[72],"product_tag":[],"class_list":{"0":"post-7674","1":"product","2":"type-product","3":"status-publish","4":"has-post-thumbnail","6":"product_cat-non-classe","8":"first","9":"instock","10":"virtual","11":"taxable","12":"purchasable","13":"product-type-simple"},"_links":{"self":[{"href":"https:\/\/enigmak.lantegia.io\/eu\/wp-json\/wp\/v2\/product\/7674","targetHints":{"allow":["GET"]}}],"collection":[{"href":"https:\/\/enigmak.lantegia.io\/eu\/wp-json\/wp\/v2\/product"}],"about":[{"href":"https:\/\/enigmak.lantegia.io\/eu\/wp-json\/wp\/v2\/types\/product"}],"version-history":[{"count":12,"href":"https:\/\/enigmak.lantegia.io\/eu\/wp-json\/wp\/v2\/product\/7674\/revisions"}],"predecessor-version":[{"id":7926,"href":"https:\/\/enigmak.lantegia.io\/eu\/wp-json\/wp\/v2\/product\/7674\/revisions\/7926"}],"wp:featuredmedia":[{"embeddable":true,"href":"https:\/\/enigmak.lantegia.io\/eu\/wp-json\/wp\/v2\/media\/7753"}],"wp:attachment":[{"href":"https:\/\/enigmak.lantegia.io\/eu\/wp-json\/wp\/v2\/media?parent=7674"}],"wp:term":[{"taxonomy":"product_brand","embeddable":true,"href":"https:\/\/enigmak.lantegia.io\/eu\/wp-json\/wp\/v2\/product_brand?post=7674"},{"taxonomy":"product_cat","embeddable":true,"href":"https:\/\/enigmak.lantegia.io\/eu\/wp-json\/wp\/v2\/product_cat?post=7674"},{"taxonomy":"product_tag","embeddable":true,"href":"https:\/\/enigmak.lantegia.io\/eu\/wp-json\/wp\/v2\/product_tag?post=7674"}],"curies":[{"name":"wp","href":"https:\/\/api.w.org\/{rel}","templated":true}]}}